{"id":83,"date":"2018-01-05T17:22:19","date_gmt":"2018-01-05T16:22:19","guid":{"rendered":"http:\/\/jullien-avocat.fr\/?page_id=83"},"modified":"2018-02-27T19:48:54","modified_gmt":"2018-02-27T18:48:54","slug":"presentation","status":"publish","type":"page","link":"http:\/\/jullien-avocat.fr\/index.php\/presentation\/","title":{"rendered":"Pr\u00e9sentation"},"content":{"rendered":"<p><img decoding=\"async\" loading=\"lazy\" class=\"alignleft wp-image-100 size-medium\" style=\"margin-right: -15px;\" src=\"http:\/\/jullien-avocat.fr\/wp-content\/uploads\/2018\/01\/photo-yann-e1515358458448-200x300.jpg\" alt=\"Avocat conseil de prud'hommes d'argentan\" width=\"200\" height=\"300\" srcset=\"http:\/\/jullien-avocat.fr\/wp-content\/uploads\/2018\/01\/photo-yann-e1515358458448-200x300.jpg 200w, http:\/\/jullien-avocat.fr\/wp-content\/uploads\/2018\/01\/photo-yann-e1515358458448.jpg 683w\" sizes=\"(max-width: 200px) 100vw, 200px\" \/><\/p>\n<p>&nbsp;<\/p>\n<p style=\"text-align: left;\">Je suis titulaire d&rsquo;un Master II DJCE, formation orient\u00e9e vers le monde de l&rsquo;entreprise et des affaires.<\/p>\n<p>J&rsquo;interviens essentiellement en droit social et en protection sociale, mati\u00e8res particuli\u00e8rement \u00e9volutives pour lesquelles une veille juridique attentive est n\u00e9cessaire.<\/p>\n<p style=\"text-align: left;\">De nombreuses mutations ont m\u00e9tamorphos\u00e9 la philosophie du droit social. L\u2019on peut ainsi \u00e9voquer la suppression de la notion de pr\u00e9judice n\u00e9cessaire, la bar\u00e9misation des dommages et int\u00e9r\u00eats pour licenciement sans cause r\u00e9elle et s\u00e9rieuse ou encore la priorit\u00e9 de principe donn\u00e9e aux accords d\u2019entreprise.<\/p>\n<p>Je vous propose de vous conseiller dans ces domaines ainsi que sur ces aspects.<\/p>\n","protected":false},"excerpt":{"rendered":"<p>&nbsp; Je suis titulaire d&rsquo;un Master II DJCE, formation orient\u00e9e vers le monde de l&rsquo;entreprise et des affaires. J&rsquo;interviens essentiellement en droit social et en protection sociale, mati\u00e8res particuli\u00e8rement \u00e9volutives pour lesquelles une veille juridique attentive est n\u00e9cessaire. De nombreuses mutations ont m\u00e9tamorphos\u00e9 la philosophie du droit social. L\u2019on peut ainsi \u00e9voquer la suppression de <a href=\"http:\/\/jullien-avocat.fr\/index.php\/presentation\/\" rel=\"nofollow\"><span class=\"sr-only\">En savoir plus surPr\u00e9sentation<\/span>[&hellip;]<\/a><\/p>\n","protected":false},"author":1,"featured_media":0,"parent":0,"menu_order":0,"comment_status":"closed","ping_status":"closed","template":"template-fullwidth.php","meta":[],"_links":{"self":[{"href":"http:\/\/jullien-avocat.fr\/index.php\/wp-json\/wp\/v2\/pages\/83"}],"collection":[{"href":"http:\/\/jullien-avocat.fr\/index.php\/wp-json\/wp\/v2\/pages"}],"about":[{"href":"http:\/\/jullien-avocat.fr\/index.php\/wp-json\/wp\/v2\/types\/page"}],"author":[{"embeddable":true,"href":"http:\/\/jullien-avocat.fr\/index.php\/wp-json\/wp\/v2\/users\/1"}],"replies":[{"embeddable":true,"href":"http:\/\/jullien-avocat.fr\/index.php\/wp-json\/wp\/v2\/comments?post=83"}],"version-history":[{"count":20,"href":"http:\/\/jullien-avocat.fr\/index.php\/wp-json\/wp\/v2\/pages\/83\/revisions"}],"predecessor-version":[{"id":192,"href":"http:\/\/jullien-avocat.fr\/index.php\/wp-json\/wp\/v2\/pages\/83\/revisions\/192"}],"wp:attachment":[{"href":"http:\/\/jullien-avocat.fr\/index.php\/wp-json\/wp\/v2\/media?parent=83"}],"curies":[{"name":"wp","href":"https:\/\/api.w.org\/{rel}","templated":true}]}}