{"id":77,"date":"2018-01-05T17:13:14","date_gmt":"2018-01-05T16:13:14","guid":{"rendered":"http:\/\/jullien-avocat.fr\/?page_id=77"},"modified":"2023-01-17T17:37:25","modified_gmt":"2023-01-17T16:37:25","slug":"mentions-legales","status":"publish","type":"page","link":"http:\/\/jullien-avocat.fr\/index.php\/mentions-legales\/","title":{"rendered":"Mentions l\u00e9gales"},"content":{"rendered":"<p><strong>Gestion du site<\/strong><br \/>\nYann JULLIEN<br \/>\nAvocat au Barreau de Caen<br \/>\nSIREN\u00a0n\u00b0 824\u00a0326\u00a0110<br \/>\n2 porte de l&rsquo;Europe &#8211; 14000 CAEN<\/p>\n<p><strong>Contact<\/strong><br \/>\nMail : <strong><a href=\"mailto:contact@jullien-avocat.fr\">contact@jullien-avocat.fr<\/a><\/strong><br \/>\nT\u00e9l\u00e9phone: 06 59 01 23 12<\/p>\n<p><strong>H\u00e9bergement du site internet<\/strong><br \/>\nSAS OVH<br \/>\nSIREN n\u00b0 424 761 419<br \/>\n2 rue Kellermann &#8211; 59100 Roubaix<br \/>\nT\u00e9l\u00e9phone : 1007<\/p>\n<p><strong>Assurance en responsabilit\u00e9 civile professionnelle<br \/>\n<\/strong>Contrat N\u00b0 118.263.446 souscrit par le Barreau de CAEN aupr\u00e8s de MMA IARD<\/p>\n<p><strong>Code la consommation<br \/>\n<\/strong>En vertu des articles L 611-1 et suivants du Code de la consommation, toute personne physique intervenant en dehors de son activit\u00e9 professionnelle peut recourir gratuitement au M\u00e9diateur de la consommation en vue de la r\u00e9solution amiable d&rsquo;un diff\u00e9rend.<\/p>\n<p>Les coordonn\u00e9es du M\u00e9diateur de la profession d&rsquo;avocat sont les suivantes :<\/p>\n<p>Adresse : 180 boulevard Haussmann, 75008 Paris<br \/>\nAdresse \u00e9lectronique : mediateur-conso@mediateur-consommation-avocat.fr<br \/>\nSite Internet : https:\/\/mediateur-consommation-avocat.fr<\/p>\n","protected":false},"excerpt":{"rendered":"<p>Gestion du site Yann JULLIEN Avocat au Barreau de Caen SIREN\u00a0n\u00b0 824\u00a0326\u00a0110 2 porte de l&rsquo;Europe &#8211; 14000 CAEN Contact Mail : contact@jullien-avocat.fr T\u00e9l\u00e9phone: 06 59 01 23 12 H\u00e9bergement du site internet SAS OVH SIREN n\u00b0 424 761 419 2 rue Kellermann &#8211; 59100 Roubaix T\u00e9l\u00e9phone : 1007 Assurance en responsabilit\u00e9 civile professionnelle Contrat <a href=\"http:\/\/jullien-avocat.fr\/index.php\/mentions-legales\/\" rel=\"nofollow\"><span class=\"sr-only\">En savoir plus surMentions l\u00e9gales<\/span>[&hellip;]<\/a><\/p>\n","protected":false},"author":2,"featured_media":0,"parent":0,"menu_order":6,"comment_status":"closed","ping_status":"closed","template":"template-fullwidth.php","meta":[],"_links":{"self":[{"href":"http:\/\/jullien-avocat.fr\/index.php\/wp-json\/wp\/v2\/pages\/77"}],"collection":[{"href":"http:\/\/jullien-avocat.fr\/index.php\/wp-json\/wp\/v2\/pages"}],"about":[{"href":"http:\/\/jullien-avocat.fr\/index.php\/wp-json\/wp\/v2\/types\/page"}],"author":[{"embeddable":true,"href":"http:\/\/jullien-avocat.fr\/index.php\/wp-json\/wp\/v2\/users\/2"}],"replies":[{"embeddable":true,"href":"http:\/\/jullien-avocat.fr\/index.php\/wp-json\/wp\/v2\/comments?post=77"}],"version-history":[{"count":10,"href":"http:\/\/jullien-avocat.fr\/index.php\/wp-json\/wp\/v2\/pages\/77\/revisions"}],"predecessor-version":[{"id":10743,"href":"http:\/\/jullien-avocat.fr\/index.php\/wp-json\/wp\/v2\/pages\/77\/revisions\/10743"}],"wp:attachment":[{"href":"http:\/\/jullien-avocat.fr\/index.php\/wp-json\/wp\/v2\/media?parent=77"}],"curies":[{"name":"wp","href":"https:\/\/api.w.org\/{rel}","templated":true}]}}