{"id":70,"date":"2018-01-05T16:28:09","date_gmt":"2018-01-05T15:28:09","guid":{"rendered":"http:\/\/jullien-avocat.fr\/?page_id=70"},"modified":"2020-02-19T10:58:06","modified_gmt":"2020-02-19T09:58:06","slug":"domaine-de-competences","status":"publish","type":"page","link":"http:\/\/jullien-avocat.fr\/index.php\/domaine-de-competences\/","title":{"rendered":"Domaines de comp\u00e9tences"},"content":{"rendered":"<h4>Conseil\u00a0:<\/h4>\n<ul>\n<li>Accord d\u2019entreprise (am\u00e9nagement du temps de travail, etc.)<\/li>\n<li>R\u00e8glement int\u00e9rieur<\/li>\n<li>Chartes (informatique, d\u00e9connexion, t\u00e9l\u00e9travail, etc.)<\/li>\n<li>Protection sociale (mutuelle, pr\u00e9voyance, retraite suppl\u00e9mentaire, etc.)<\/li>\n<li>Gestion du personnel (cong\u00e9s pay\u00e9s, d\u00e9compte du temps de travail, entretiens, etc.)<\/li>\n<li>Rupture du contrat de travail (licenciement, d\u00e9part \u00e0 la retraite, prise d\u2019acte, r\u00e9siliation judiciaire, rupture conventionnelle, transaction, etc.)<\/li>\n<li>Contrat de travail (clause de non concurrence, de mobilit\u00e9, etc.)<\/li>\n<li>Contr\u00f4le par les organismes de s\u00e9curit\u00e9 sociale (contr\u00f4le comptable d\u2019assiette ou de lutte contre le travail ill\u00e9gal)<\/li>\n<li>Rescrits sociaux<\/li>\n<\/ul>\n<h4>Contentieux :<\/h4>\n<ul>\n<li>Conseil de prud\u2019hommes (affaires prud&rsquo;homales) :\n<ul>\n<li>Heures suppl\u00e9mentaires\/compl\u00e9mentaires<\/li>\n<li>Rupture du contrat de travail (licenciement, prise d\u2019acte, r\u00e9siliation judiciaire, d\u00e9mission, rupture conventionnelle, etc.)<\/li>\n<li>Repos et dur\u00e9e du travail<\/li>\n<li>Maladie, accident du travail et maladie professionnelle<\/li>\n<li>Rappel de salaires<\/li>\n<li>Harc\u00e8lement et discrimination<\/li>\n<li>Mutuelle et pr\u00e9voyance d&rsquo;entreprise<\/li>\n<\/ul>\n<\/li>\n<\/ul>\n<ul>\n<li>P\u00f4le social du Tribunal judiciaire (affaires de la s\u00e9curit\u00e9 sociale) :\n<ul>\n<li>Recouvrement (URSSAF, P\u00f4le Emploi, Caisses de retraite, etc.)<\/li>\n<li>Accident du travail et maladie professionnelle<\/li>\n<li>Faute inexcusable<\/li>\n<\/ul>\n<\/li>\n<\/ul>\n","protected":false},"excerpt":{"rendered":"<p>Conseil\u00a0: Accord d\u2019entreprise (am\u00e9nagement du temps de travail, etc.) R\u00e8glement int\u00e9rieur Chartes (informatique, d\u00e9connexion, t\u00e9l\u00e9travail, etc.) Protection sociale (mutuelle, pr\u00e9voyance, retraite suppl\u00e9mentaire, etc.) Gestion du personnel (cong\u00e9s pay\u00e9s, d\u00e9compte du temps de travail, entretiens, etc.) Rupture du contrat de travail (licenciement, d\u00e9part \u00e0 la retraite, prise d\u2019acte, r\u00e9siliation judiciaire, rupture conventionnelle, transaction, etc.) Contrat de <a href=\"http:\/\/jullien-avocat.fr\/index.php\/domaine-de-competences\/\" rel=\"nofollow\"><span class=\"sr-only\">En savoir plus surDomaines de comp\u00e9tences<\/span>[&hellip;]<\/a><\/p>\n","protected":false},"author":2,"featured_media":0,"parent":0,"menu_order":2,"comment_status":"closed","ping_status":"closed","template":"template-fullwidth.php","meta":[],"_links":{"self":[{"href":"http:\/\/jullien-avocat.fr\/index.php\/wp-json\/wp\/v2\/pages\/70"}],"collection":[{"href":"http:\/\/jullien-avocat.fr\/index.php\/wp-json\/wp\/v2\/pages"}],"about":[{"href":"http:\/\/jullien-avocat.fr\/index.php\/wp-json\/wp\/v2\/types\/page"}],"author":[{"embeddable":true,"href":"http:\/\/jullien-avocat.fr\/index.php\/wp-json\/wp\/v2\/users\/2"}],"replies":[{"embeddable":true,"href":"http:\/\/jullien-avocat.fr\/index.php\/wp-json\/wp\/v2\/comments?post=70"}],"version-history":[{"count":9,"href":"http:\/\/jullien-avocat.fr\/index.php\/wp-json\/wp\/v2\/pages\/70\/revisions"}],"predecessor-version":[{"id":930,"href":"http:\/\/jullien-avocat.fr\/index.php\/wp-json\/wp\/v2\/pages\/70\/revisions\/930"}],"wp:attachment":[{"href":"http:\/\/jullien-avocat.fr\/index.php\/wp-json\/wp\/v2\/media?parent=70"}],"curies":[{"name":"wp","href":"https:\/\/api.w.org\/{rel}","templated":true}]}}