{"id":17,"date":"2018-01-04T15:19:27","date_gmt":"2018-01-04T14:19:27","guid":{"rendered":"http:\/\/jullien-avocat.fr\/?page_id=17"},"modified":"2018-02-27T19:38:33","modified_gmt":"2018-02-27T18:38:33","slug":"honoraires","status":"publish","type":"page","link":"http:\/\/jullien-avocat.fr\/index.php\/honoraires\/","title":{"rendered":"Honoraires"},"content":{"rendered":"<p>Les honoraires r\u00e9tribuent des prestations de consultation, d\u2019assistance, de r\u00e9daction d\u2019actes et de repr\u00e9sentation.<\/p>\n<p>Ils r\u00e9sultent d\u2019un consensus formalis\u00e9 dans une convention d\u2019honoraires fixant l\u2019objet des prestations, les diligences \u00e0 accomplir et le co\u00fbt de l\u2019intervention.<\/p>\n<p>Ils sont d\u00e9termin\u00e9s en fonction de la nature, de la difficult\u00e9 de l\u2019affaire et du temps pass\u00e9 \u00e0 la r\u00e9alisation des diligences.<\/p>\n<p>Dans certaines circonstances, les honoraires peuvent en toute ou partie \u00eatre pris en charge par une assurance de protection juridique ou au titre de l\u2019aide juridictionnelle.<\/p>\n<p>Le B\u00e2tonnier est comp\u00e9tent en mati\u00e8re de contestation des honoraires conform\u00e9ment aux articles 174 et suivants du d\u00e9cret n\u00b091-1197 du 27 novembre 1991.<\/p>\n","protected":false},"excerpt":{"rendered":"<p>Les honoraires r\u00e9tribuent des prestations de consultation, d\u2019assistance, de r\u00e9daction d\u2019actes et de repr\u00e9sentation. Ils r\u00e9sultent d\u2019un consensus formalis\u00e9 dans une convention d\u2019honoraires fixant l\u2019objet des prestations, les diligences \u00e0 accomplir et le co\u00fbt de l\u2019intervention. Ils sont d\u00e9termin\u00e9s en fonction de la nature, de la difficult\u00e9 de l\u2019affaire et du temps pass\u00e9 \u00e0 la <a href=\"http:\/\/jullien-avocat.fr\/index.php\/honoraires\/\" rel=\"nofollow\"><span class=\"sr-only\">En savoir plus surHonoraires<\/span>[&hellip;]<\/a><\/p>\n","protected":false},"author":2,"featured_media":0,"parent":0,"menu_order":3,"comment_status":"closed","ping_status":"closed","template":"template-fullwidth.php","meta":[],"_links":{"self":[{"href":"http:\/\/jullien-avocat.fr\/index.php\/wp-json\/wp\/v2\/pages\/17"}],"collection":[{"href":"http:\/\/jullien-avocat.fr\/index.php\/wp-json\/wp\/v2\/pages"}],"about":[{"href":"http:\/\/jullien-avocat.fr\/index.php\/wp-json\/wp\/v2\/types\/page"}],"author":[{"embeddable":true,"href":"http:\/\/jullien-avocat.fr\/index.php\/wp-json\/wp\/v2\/users\/2"}],"replies":[{"embeddable":true,"href":"http:\/\/jullien-avocat.fr\/index.php\/wp-json\/wp\/v2\/comments?post=17"}],"version-history":[{"count":7,"href":"http:\/\/jullien-avocat.fr\/index.php\/wp-json\/wp\/v2\/pages\/17\/revisions"}],"predecessor-version":[{"id":168,"href":"http:\/\/jullien-avocat.fr\/index.php\/wp-json\/wp\/v2\/pages\/17\/revisions\/168"}],"wp:attachment":[{"href":"http:\/\/jullien-avocat.fr\/index.php\/wp-json\/wp\/v2\/media?parent=17"}],"curies":[{"name":"wp","href":"https:\/\/api.w.org\/{rel}","templated":true}]}}